{"id":48,"date":"2019-01-24T22:57:19","date_gmt":"2019-01-24T22:57:19","guid":{"rendered":"http:\/\/toficoni.com\/?page_id=48"},"modified":"2019-01-24T23:48:45","modified_gmt":"2019-01-24T23:48:45","slug":"proyectos-destacados","status":"publish","type":"page","link":"https:\/\/toficoni.com\/?page_id=48","title":{"rendered":"Proyectos destacados"},"content":{"rendered":"\t\t<div data-elementor-type=\"post\" data-elementor-id=\"48\" class=\"elementor elementor-48\" data-elementor-settings=\"[]\">\n\t\t\t<div class=\"elementor-inner\">\n\t\t\t\t<div class=\"elementor-section-wrap\">\n\t\t\t\t\t\t\t<section data-id=\"253f518\" class=\"elementor-element elementor-element-253f518 elementor-section-boxed elementor-section-height-default elementor-section-height-default elementor-section elementor-top-section\" data-element_type=\"section\">\n\t\t\t\t\t\t<div class=\"elementor-container elementor-column-gap-default\">\n\t\t\t\t<div class=\"elementor-row\">\n\t\t\t\t<div data-id=\"706a73b\" class=\"elementor-element elementor-element-706a73b elementor-column elementor-col-100 elementor-top-column\" data-element_type=\"column\">\n\t\t\t<div class=\"elementor-column-wrap  elementor-element-populated\">\n\t\t\t\t\t<div class=\"elementor-widget-wrap\">\n\t\t\t\t<div data-id=\"eebf357\" class=\"elementor-element elementor-element-eebf357 elementor-widget elementor-widget-heading\" data-element_type=\"heading.default\">\n\t\t\t\t<div class=\"elementor-widget-container\">\n\t\t\t<h2 class=\"elementor-heading-title elementor-size-default\">Proyecto Iberia\u00ae\n<\/h2>\t\t<\/div>\n\t\t\t\t<\/div>\n\t\t\t\t<div data-id=\"97682c0\" class=\"elementor-element elementor-element-97682c0 elementor-widget elementor-widget-heading\" data-element_type=\"heading.default\">\n\t\t\t\t<div class=\"elementor-widget-container\">\n\t\t\t<h2 class=\"elementor-heading-title elementor-size-default\">A\u00d1O 1991<\/h2>\t\t<\/div>\n\t\t\t\t<\/div>\n\t\t\t\t\t\t<\/div>\n\t\t\t<\/div>\n\t\t<\/div>\n\t\t\t\t\t\t<\/div>\n\t\t\t<\/div>\n\t\t<\/section>\n\t\t\t\t<section data-id=\"d4d9190\" class=\"elementor-element elementor-element-d4d9190 elementor-section-boxed elementor-section-height-default elementor-section-height-default elementor-section elementor-top-section\" data-element_type=\"section\">\n\t\t\t\t\t\t<div class=\"elementor-container elementor-column-gap-default\">\n\t\t\t\t<div class=\"elementor-row\">\n\t\t\t\t<div data-id=\"cc144ef\" class=\"elementor-element elementor-element-cc144ef elementor-column elementor-col-100 elementor-top-column\" data-element_type=\"column\">\n\t\t\t<div class=\"elementor-column-wrap  elementor-element-populated\">\n\t\t\t\t\t<div class=\"elementor-widget-wrap\">\n\t\t\t\t<div data-id=\"fe97d5d\" class=\"elementor-element elementor-element-fe97d5d elementor-widget elementor-widget-spacer\" data-element_type=\"spacer.default\">\n\t\t\t\t<div class=\"elementor-widget-container\">\n\t\t\t\t\t<div class=\"elementor-spacer\">\n\t\t\t<div class=\"elementor-spacer-inner\"><\/div>\n\t\t<\/div>\n\t\t\t\t<\/div>\n\t\t\t\t<\/div>\n\t\t\t\t<div data-id=\"e287adf\" class=\"elementor-element elementor-element-e287adf elementor-widget elementor-widget-text-editor\" data-element_type=\"text-editor.default\">\n\t\t\t\t<div class=\"elementor-widget-container\">\n\t\t\t\t\t<div class=\"elementor-text-editor elementor-clearfix\"><p>Toficoni, S.L. a petici\u00f3n de Hoerbiger Espa\u00f1ola, S.A., desarrolla un <b>conjunto de equipos electr\u00f3nicos<\/b>, que controlando los caudales del flujo hidr\u00e1ulico que mueve las plataformas elevadoras de las diferentes aeronaves, consigue desplazamientos sincronizados o no, con la precisi\u00f3n m\u00e1xima exigida de UN MIL\u00cdMETRO.\u00a0<\/p><\/div>\n\t\t\t\t<\/div>\n\t\t\t\t<\/div>\n\t\t\t\t<div data-id=\"279d0ee\" class=\"elementor-element elementor-element-279d0ee elementor-widget elementor-widget-image\" data-element_type=\"image.default\">\n\t\t\t\t<div class=\"elementor-widget-container\">\n\t\t\t\t\t<div class=\"elementor-image\">\n\t\t\t\t\t\t\t\t\t\t<img loading=\"lazy\" decoding=\"async\" width=\"525\" height=\"434\" src=\"https:\/\/toficoni.com\/wp-content\/uploads\/2019\/01\/HANGAR-6-1024x847.png\" class=\"attachment-large size-large\" alt=\"\" srcset=\"https:\/\/toficoni.com\/wp-content\/uploads\/2019\/01\/HANGAR-6-1024x847.png 1024w, https:\/\/toficoni.com\/wp-content\/uploads\/2019\/01\/HANGAR-6-300x248.png 300w, https:\/\/toficoni.com\/wp-content\/uploads\/2019\/01\/HANGAR-6-768x635.png 768w, https:\/\/toficoni.com\/wp-content\/uploads\/2019\/01\/HANGAR-6.png 1085w\" sizes=\"100vw\" \/>\t\t\t\t\t\t\t\t\t\t\t<\/div>\n\t\t\t\t<\/div>\n\t\t\t\t<\/div>\n\t\t\t\t\t\t<\/div>\n\t\t\t<\/div>\n\t\t<\/div>\n\t\t\t\t\t\t<\/div>\n\t\t\t<\/div>\n\t\t<\/section>\n\t\t\t\t<section data-id=\"e683303\" class=\"elementor-element elementor-element-e683303 elementor-section-boxed elementor-section-height-default elementor-section-height-default elementor-section elementor-top-section\" data-element_type=\"section\">\n\t\t\t\t\t\t<div class=\"elementor-container elementor-column-gap-default\">\n\t\t\t\t<div class=\"elementor-row\">\n\t\t\t\t<div data-id=\"515db3f\" class=\"elementor-element elementor-element-515db3f elementor-column elementor-col-100 elementor-top-column\" data-element_type=\"column\">\n\t\t\t<div class=\"elementor-column-wrap  elementor-element-populated\">\n\t\t\t\t\t<div class=\"elementor-widget-wrap\">\n\t\t\t\t<div data-id=\"1ae6eac\" class=\"elementor-element elementor-element-1ae6eac elementor-widget elementor-widget-spacer\" data-element_type=\"spacer.default\">\n\t\t\t\t<div class=\"elementor-widget-container\">\n\t\t\t\t\t<div class=\"elementor-spacer\">\n\t\t\t<div class=\"elementor-spacer-inner\"><\/div>\n\t\t<\/div>\n\t\t\t\t<\/div>\n\t\t\t\t<\/div>\n\t\t\t\t<div data-id=\"9dd1df0\" class=\"elementor-element elementor-element-9dd1df0 elementor-widget elementor-widget-heading\" data-element_type=\"heading.default\">\n\t\t\t\t<div class=\"elementor-widget-container\">\n\t\t\t<h2 class=\"elementor-heading-title elementor-size-default\">Proyecto Ayuda a la movilidad<\/h2>\t\t<\/div>\n\t\t\t\t<\/div>\n\t\t\t\t<div data-id=\"e585e05\" class=\"elementor-element elementor-element-e585e05 elementor-widget elementor-widget-heading\" data-element_type=\"heading.default\">\n\t\t\t\t<div class=\"elementor-widget-container\">\n\t\t\t<h2 class=\"elementor-heading-title elementor-size-default\">A\u00d1O 2004\n<\/h2>\t\t<\/div>\n\t\t\t\t<\/div>\n\t\t\t\t\t\t<\/div>\n\t\t\t<\/div>\n\t\t<\/div>\n\t\t\t\t\t\t<\/div>\n\t\t\t<\/div>\n\t\t<\/section>\n\t\t\t\t<section data-id=\"cfff157\" class=\"elementor-element elementor-element-cfff157 elementor-section-boxed elementor-section-height-default elementor-section-height-default elementor-section elementor-top-section\" data-element_type=\"section\">\n\t\t\t\t\t\t<div class=\"elementor-container elementor-column-gap-default\">\n\t\t\t\t<div class=\"elementor-row\">\n\t\t\t\t<div data-id=\"ef4f94e\" class=\"elementor-element elementor-element-ef4f94e elementor-column elementor-col-100 elementor-top-column\" data-element_type=\"column\">\n\t\t\t<div class=\"elementor-column-wrap  elementor-element-populated\">\n\t\t\t\t\t<div class=\"elementor-widget-wrap\">\n\t\t\t\t<div data-id=\"9112385\" class=\"elementor-element elementor-element-9112385 elementor-widget elementor-widget-spacer\" data-element_type=\"spacer.default\">\n\t\t\t\t<div class=\"elementor-widget-container\">\n\t\t\t\t\t<div class=\"elementor-spacer\">\n\t\t\t<div class=\"elementor-spacer-inner\"><\/div>\n\t\t<\/div>\n\t\t\t\t<\/div>\n\t\t\t\t<\/div>\n\t\t\t\t<div data-id=\"65dc843\" class=\"elementor-element elementor-element-65dc843 elementor-widget elementor-widget-text-editor\" data-element_type=\"text-editor.default\">\n\t\t\t\t<div class=\"elementor-widget-container\">\n\t\t\t\t\t<div class=\"elementor-text-editor elementor-clearfix\"><p>En el a\u00f1o 2004 Toficoni, S.L. a petici\u00f3n de HIDRAL-GOBEL, realiz\u00f3 un desarrollo destinado al <b>control electr\u00f3nico de las plataformas electro-hidr\u00e1ulicas<\/b>, que posteriormente la empresa peticionaria, instalar\u00eda en todo tipo de autobuses, alcanzando en la actualidad la cifra de 3.700 unidades que funcionan en gran cantidad de pa\u00edses, como EEUU, Comunidad Europea o Australia, entre otros. Dichas tarjetas de control han sido fabricadas y suministradas por Toficoni, S.L.<\/p><\/div>\n\t\t\t\t<\/div>\n\t\t\t\t<\/div>\n\t\t\t\t<div data-id=\"c3163c6\" class=\"elementor-element elementor-element-c3163c6 elementor-widget elementor-widget-image\" data-element_type=\"image.default\">\n\t\t\t\t<div class=\"elementor-widget-container\">\n\t\t\t\t\t<div class=\"elementor-image\">\n\t\t\t\t\t\t\t\t\t\t<img loading=\"lazy\" decoding=\"async\" width=\"525\" height=\"285\" src=\"https:\/\/toficoni.com\/wp-content\/uploads\/2019\/01\/rampas.jpg\" class=\"attachment-large size-large\" alt=\"\" srcset=\"https:\/\/toficoni.com\/wp-content\/uploads\/2019\/01\/rampas.jpg 994w, https:\/\/toficoni.com\/wp-content\/uploads\/2019\/01\/rampas-300x163.jpg 300w, https:\/\/toficoni.com\/wp-content\/uploads\/2019\/01\/rampas-768x417.jpg 768w\" sizes=\"100vw\" \/>\t\t\t\t\t\t\t\t\t\t\t<\/div>\n\t\t\t\t<\/div>\n\t\t\t\t<\/div>\n\t\t\t\t\t\t<\/div>\n\t\t\t<\/div>\n\t\t<\/div>\n\t\t\t\t\t\t<\/div>\n\t\t\t<\/div>\n\t\t<\/section>\n\t\t\t\t<section data-id=\"f7582c8\" class=\"elementor-element elementor-element-f7582c8 elementor-section-boxed elementor-section-height-default elementor-section-height-default elementor-section elementor-top-section\" data-element_type=\"section\">\n\t\t\t\t\t\t<div class=\"elementor-container elementor-column-gap-default\">\n\t\t\t\t<div class=\"elementor-row\">\n\t\t\t\t<div data-id=\"8dd9d4f\" class=\"elementor-element elementor-element-8dd9d4f elementor-column elementor-col-100 elementor-top-column\" data-element_type=\"column\">\n\t\t\t<div class=\"elementor-column-wrap  elementor-element-populated\">\n\t\t\t\t\t<div class=\"elementor-widget-wrap\">\n\t\t\t\t<div data-id=\"3b1ebf6\" class=\"elementor-element elementor-element-3b1ebf6 elementor-widget elementor-widget-spacer\" data-element_type=\"spacer.default\">\n\t\t\t\t<div class=\"elementor-widget-container\">\n\t\t\t\t\t<div class=\"elementor-spacer\">\n\t\t\t<div class=\"elementor-spacer-inner\"><\/div>\n\t\t<\/div>\n\t\t\t\t<\/div>\n\t\t\t\t<\/div>\n\t\t\t\t\t\t<\/div>\n\t\t\t<\/div>\n\t\t<\/div>\n\t\t\t\t\t\t<\/div>\n\t\t\t<\/div>\n\t\t<\/section>\n\t\t\t\t<section data-id=\"58528fd\" class=\"elementor-element elementor-element-58528fd elementor-section-boxed elementor-section-height-default elementor-section-height-default elementor-section elementor-top-section\" data-element_type=\"section\">\n\t\t\t\t\t\t<div class=\"elementor-container elementor-column-gap-default\">\n\t\t\t\t<div class=\"elementor-row\">\n\t\t\t\t<div data-id=\"f630f5b\" class=\"elementor-element elementor-element-f630f5b elementor-column elementor-col-100 elementor-top-column\" data-element_type=\"column\">\n\t\t\t<div class=\"elementor-column-wrap  elementor-element-populated\">\n\t\t\t\t\t<div class=\"elementor-widget-wrap\">\n\t\t\t\t<div data-id=\"3092f56\" class=\"elementor-element elementor-element-3092f56 elementor-widget elementor-widget-heading\" data-element_type=\"heading.default\">\n\t\t\t\t<div class=\"elementor-widget-container\">\n\t\t\t<h2 class=\"elementor-heading-title elementor-size-default\">Alarmas de gas<\/h2>\t\t<\/div>\n\t\t\t\t<\/div>\n\t\t\t\t<div data-id=\"17f073a\" class=\"elementor-element elementor-element-17f073a elementor-widget elementor-widget-heading\" data-element_type=\"heading.default\">\n\t\t\t\t<div class=\"elementor-widget-container\">\n\t\t\t<h2 class=\"elementor-heading-title elementor-size-default\">A\u00d1O 2003<\/h2>\t\t<\/div>\n\t\t\t\t<\/div>\n\t\t\t\t\t\t<\/div>\n\t\t\t<\/div>\n\t\t<\/div>\n\t\t\t\t\t\t<\/div>\n\t\t\t<\/div>\n\t\t<\/section>\n\t\t\t\t<section data-id=\"b6baa12\" class=\"elementor-element elementor-element-b6baa12 elementor-section-boxed elementor-section-height-default elementor-section-height-default elementor-section elementor-top-section\" data-element_type=\"section\">\n\t\t\t\t\t\t<div class=\"elementor-container elementor-column-gap-default\">\n\t\t\t\t<div class=\"elementor-row\">\n\t\t\t\t<div data-id=\"e49621c\" class=\"elementor-element elementor-element-e49621c elementor-column elementor-col-100 elementor-top-column\" data-element_type=\"column\">\n\t\t\t<div class=\"elementor-column-wrap  elementor-element-populated\">\n\t\t\t\t\t<div class=\"elementor-widget-wrap\">\n\t\t\t\t<div data-id=\"2b9bc4f\" class=\"elementor-element elementor-element-2b9bc4f elementor-widget elementor-widget-spacer\" data-element_type=\"spacer.default\">\n\t\t\t\t<div class=\"elementor-widget-container\">\n\t\t\t\t\t<div class=\"elementor-spacer\">\n\t\t\t<div class=\"elementor-spacer-inner\"><\/div>\n\t\t<\/div>\n\t\t\t\t<\/div>\n\t\t\t\t<\/div>\n\t\t\t\t<div data-id=\"7aea1b6\" class=\"elementor-element elementor-element-7aea1b6 elementor-widget elementor-widget-text-editor\" data-element_type=\"text-editor.default\">\n\t\t\t\t<div class=\"elementor-widget-container\">\n\t\t\t\t\t<div class=\"elementor-text-editor elementor-clearfix\"><p>Otro de los sectores en los que Toficoni, S.L. ha desarrollado y fabricado equipos tecnol\u00f3gicamente avanzados, es de la <b>detecci\u00f3n de gases<\/b>, tanto para uso dom\u00e9stico como industrial.<\/p><p>Los mencionados equipos <b>homologados <\/b><b>por los <\/b><b>organismos <\/b><b>c<\/b><b>ompetentes<\/b>, son distribuidos\u00a0 por empresas autorizadas y prestigiosas del sector, siendo instalados tambi\u00e9n por personal debidamente autorizado y cualificado. M\u00e1s de 4.000 de estos equipos est\u00e1n funcionando actualmente, siendo peri\u00f3dicamente revisados.<\/p><\/div>\n\t\t\t\t<\/div>\n\t\t\t\t<\/div>\n\t\t\t\t<div data-id=\"571f1e0\" class=\"elementor-element elementor-element-571f1e0 elementor-widget elementor-widget-image\" data-element_type=\"image.default\">\n\t\t\t\t<div class=\"elementor-widget-container\">\n\t\t\t\t\t<div class=\"elementor-image\">\n\t\t\t\t\t\t\t\t\t\t<img loading=\"lazy\" decoding=\"async\" width=\"525\" height=\"273\" src=\"https:\/\/toficoni.com\/wp-content\/uploads\/2019\/01\/alarma-de-gas.jpg\" class=\"attachment-large size-large\" alt=\"\" srcset=\"https:\/\/toficoni.com\/wp-content\/uploads\/2019\/01\/alarma-de-gas.jpg 985w, https:\/\/toficoni.com\/wp-content\/uploads\/2019\/01\/alarma-de-gas-300x156.jpg 300w, https:\/\/toficoni.com\/wp-content\/uploads\/2019\/01\/alarma-de-gas-768x399.jpg 768w\" sizes=\"100vw\" \/>\t\t\t\t\t\t\t\t\t\t\t<\/div>\n\t\t\t\t<\/div>\n\t\t\t\t<\/div>\n\t\t\t\t\t\t<\/div>\n\t\t\t<\/div>\n\t\t<\/div>\n\t\t\t\t\t\t<\/div>\n\t\t\t<\/div>\n\t\t<\/section>\n\t\t\t\t\t\t<\/div>\n\t\t\t<\/div>\n\t\t<\/div>\n\t\t","protected":false},"excerpt":{"rendered":"<p>Proyecto Iberia\u00ae A\u00d1O 1991 Toficoni, S.L. a petici\u00f3n de Hoerbiger Espa\u00f1ola, S.A., desarrolla un conjunto de equipos electr\u00f3nicos, que controlando los caudales del flujo hidr\u00e1ulico que mueve las plataformas elevadoras de las diferentes aeronaves, consigue desplazamientos sincronizados o no, con la precisi\u00f3n m\u00e1xima exigida de UN MIL\u00cdMETRO.\u00a0 Proyecto Ayuda a la movilidad A\u00d1O 2004 En &hellip; <\/p>\n<p class=\"link-more\"><a href=\"https:\/\/toficoni.com\/?page_id=48\" class=\"more-link\">Continuar leyendo<span class=\"screen-reader-text\"> \u00abProyectos destacados\u00bb<\/span><\/a><\/p>\n","protected":false},"author":1,"featured_media":0,"parent":0,"menu_order":0,"comment_status":"closed","ping_status":"closed","template":"","meta":{"footnotes":""},"class_list":["post-48","page","type-page","status-publish","hentry"],"_links":{"self":[{"href":"https:\/\/toficoni.com\/index.php?rest_route=\/wp\/v2\/pages\/48"}],"collection":[{"href":"https:\/\/toficoni.com\/index.php?rest_route=\/wp\/v2\/pages"}],"about":[{"href":"https:\/\/toficoni.com\/index.php?rest_route=\/wp\/v2\/types\/page"}],"author":[{"embeddable":true,"href":"https:\/\/toficoni.com\/index.php?rest_route=\/wp\/v2\/users\/1"}],"replies":[{"embeddable":true,"href":"https:\/\/toficoni.com\/index.php?rest_route=%2Fwp%2Fv2%2Fcomments&post=48"}],"version-history":[{"count":4,"href":"https:\/\/toficoni.com\/index.php?rest_route=\/wp\/v2\/pages\/48\/revisions"}],"predecessor-version":[{"id":65,"href":"https:\/\/toficoni.com\/index.php?rest_route=\/wp\/v2\/pages\/48\/revisions\/65"}],"wp:attachment":[{"href":"https:\/\/toficoni.com\/index.php?rest_route=%2Fwp%2Fv2%2Fmedia&parent=48"}],"curies":[{"name":"wp","href":"https:\/\/api.w.org\/{rel}","templated":true}]}}